{"id":14,"date":"2024-02-17T12:24:42","date_gmt":"2024-02-17T12:24:42","guid":{"rendered":"http:\/\/miradobek.pl\/?page_id=14"},"modified":"2025-04-13T07:55:26","modified_gmt":"2025-04-13T07:55:26","slug":"kontakt","status":"publish","type":"page","link":"https:\/\/miradobek.pl\/index.php\/kontakt\/","title":{"rendered":"Kontakt"},"content":{"rendered":"<p>Konsultacje prowadz\u0119 w wybranych godzinach, od poniedzia\u0142ku do pi\u0105tku, w oknie czasowym od 8.00 do 21.00.<\/p>\n<p>W wiadomo\u015bci prosz\u0119 poda\u0107 numer telefonu oraz 3 preferowane terminy spotkania &#8211; w kolejno\u015bci od najlepszego, a tak\u017ce zaznaczy\u0107 czy konsultacje maj\u0105 odbywa\u0107 si\u0119 osobi\u015bcie czy online.<\/p>\n<p>Adres gabinetu w Warszawie:<br \/>\nAl. Niepodleg\u0142o\u015bci 48, lokal: 145, wej\u015bcie od strony podw\u00f3rka, nie od Alei Niepodleg\u0142o\u015bci<\/p>\n<p>Dojazd:<br \/>\nMetro: Wierzbno, 2 min<br \/>\nTramwaj: Metro Wierzbno, 2 min ( 18, 31)<br \/>\n<span style=\"font-size: 1rem;\">Tramwaj: Kr\u00f3likarnia, 7 min (4, 10)<br \/>\nAutobus: 174, 218<\/span><\/p>\n<p><img loading=\"lazy\" decoding=\"async\" class=\"alignnone size-medium wp-image-157\" src=\"https:\/\/miradobek.pl\/wp-content\/uploads\/2024\/09\/Girl-w-Tipi-822-2-300x200.jpg\" alt=\"\" width=\"300\" height=\"200\" srcset=\"https:\/\/miradobek.pl\/wp-content\/uploads\/2024\/09\/Girl-w-Tipi-822-2-300x200.jpg 300w, https:\/\/miradobek.pl\/wp-content\/uploads\/2024\/09\/Girl-w-Tipi-822-2-1024x683.jpg 1024w, https:\/\/miradobek.pl\/wp-content\/uploads\/2024\/09\/Girl-w-Tipi-822-2-768x512.jpg 768w, https:\/\/miradobek.pl\/wp-content\/uploads\/2024\/09\/Girl-w-Tipi-822-2-1536x1024.jpg 1536w, https:\/\/miradobek.pl\/wp-content\/uploads\/2024\/09\/Girl-w-Tipi-822-2-2048x1366.jpg 2048w\" sizes=\"auto, (max-width: 300px) 100vw, 300px\" \/><\/p>\n<p>&nbsp;<\/p>\n<p>&nbsp;<\/p>\n<p>&nbsp;<\/p>\n<p>&nbsp;<\/p>\n\n<div class=\"wpcf7 no-js\" id=\"wpcf7-f11-o1\" lang=\"pl-PL\" dir=\"ltr\" data-wpcf7-id=\"11\">\n<div class=\"screen-reader-response\"><p role=\"status\" aria-live=\"polite\" aria-atomic=\"true\"><\/p> <ul><\/ul><\/div>\n<form action=\"\/index.php\/wp-json\/wp\/v2\/pages\/14#wpcf7-f11-o1\" method=\"post\" class=\"wpcf7-form init\" aria-label=\"Formularz kontaktowy\" novalidate=\"novalidate\" data-status=\"init\">\n<fieldset class=\"hidden-fields-container\"><input type=\"hidden\" name=\"_wpcf7\" value=\"11\" \/><input type=\"hidden\" name=\"_wpcf7_version\" value=\"6.1.5\" \/><input type=\"hidden\" name=\"_wpcf7_locale\" value=\"pl_PL\" \/><input type=\"hidden\" name=\"_wpcf7_unit_tag\" value=\"wpcf7-f11-o1\" \/><input type=\"hidden\" name=\"_wpcf7_container_post\" value=\"0\" \/><input type=\"hidden\" name=\"_wpcf7_posted_data_hash\" value=\"\" \/>\n<\/fieldset>\n<p><label> Imi\u0119 i nazwisko<br \/>\n<span class=\"wpcf7-form-control-wrap\" data-name=\"your-name\"><input size=\"40\" maxlength=\"400\" class=\"wpcf7-form-control wpcf7-text wpcf7-validates-as-required\" autocomplete=\"name\" aria-required=\"true\" aria-invalid=\"false\" value=\"\" type=\"text\" name=\"your-name\" \/><\/span> <\/label>\n<\/p>\n<p><label> Adres e-mail<br \/>\n<span class=\"wpcf7-form-control-wrap\" data-name=\"your-email\"><input size=\"40\" maxlength=\"400\" class=\"wpcf7-form-control wpcf7-email wpcf7-validates-as-required wpcf7-text wpcf7-validates-as-email\" autocomplete=\"email\" aria-required=\"true\" aria-invalid=\"false\" value=\"\" type=\"email\" name=\"your-email\" \/><\/span> <\/label>\n<\/p>\n<p><label> Temat<br \/>\n<span class=\"wpcf7-form-control-wrap\" data-name=\"your-subject\"><input size=\"40\" maxlength=\"400\" class=\"wpcf7-form-control wpcf7-text wpcf7-validates-as-required\" aria-required=\"true\" aria-invalid=\"false\" value=\"\" type=\"text\" name=\"your-subject\" \/><\/span> <\/label>\n<\/p>\n<p><label> Wiadomo\u015b\u0107<br \/>\n<span class=\"wpcf7-form-control-wrap\" data-name=\"your-message\"><textarea cols=\"40\" rows=\"10\" maxlength=\"2000\" class=\"wpcf7-form-control wpcf7-textarea\" aria-invalid=\"false\" name=\"your-message\"><\/textarea><\/span> <\/label>\n<\/p>\n<p><input class=\"wpcf7-form-control wpcf7-submit has-spinner\" type=\"submit\" value=\"Wy\u015blij\" \/>\n<\/p><p style=\"display: none !important;\" class=\"akismet-fields-container\" data-prefix=\"_wpcf7_ak_\"><label>&#916;<textarea name=\"_wpcf7_ak_hp_textarea\" cols=\"45\" rows=\"8\" maxlength=\"100\"><\/textarea><\/label><input type=\"hidden\" id=\"ak_js_1\" name=\"_wpcf7_ak_js\" value=\"23\"\/><script>document.getElementById( \"ak_js_1\" ).setAttribute( \"value\", ( new Date() ).getTime() );<\/script><\/p><div class=\"wpcf7-response-output\" aria-hidden=\"true\"><\/div>\n<\/form>\n<\/div>\n\n","protected":false},"excerpt":{"rendered":"<p>Konsultacje prowadz\u0119 w wybranych godzinach, od poniedzia\u0142ku do pi\u0105tku, w oknie czasowym od 8.00 do 21.00. W wiadomo\u015bci prosz\u0119 poda\u0107 numer telefonu oraz 3 preferowane terminy spotkania &#8211; w kolejno\u015bci od najlepszego, a tak\u017ce zaznaczy\u0107 czy konsultacje maj\u0105 odbywa\u0107 si\u0119 osobi\u015bcie czy online. Adres gabinetu w Warszawie: Al. Niepodleg\u0142o\u015bci 48, lokal: 145, wej\u015bcie od strony &hellip; <\/p>\n<p class=\"link-more\"><a href=\"https:\/\/miradobek.pl\/index.php\/kontakt\/\" class=\"more-link\">Czytaj dalej<span class=\"screen-reader-text\"> \u201eKontakt\u201d<\/span><\/a><\/p>\n","protected":false},"author":1,"featured_media":0,"parent":0,"menu_order":0,"comment_status":"closed","ping_status":"closed","template":"","meta":{"footnotes":""},"class_list":["post-14","page","type-page","status-publish","hentry"],"_links":{"self":[{"href":"https:\/\/miradobek.pl\/index.php\/wp-json\/wp\/v2\/pages\/14","targetHints":{"allow":["GET"]}}],"collection":[{"href":"https:\/\/miradobek.pl\/index.php\/wp-json\/wp\/v2\/pages"}],"about":[{"href":"https:\/\/miradobek.pl\/index.php\/wp-json\/wp\/v2\/types\/page"}],"author":[{"embeddable":true,"href":"https:\/\/miradobek.pl\/index.php\/wp-json\/wp\/v2\/users\/1"}],"replies":[{"embeddable":true,"href":"https:\/\/miradobek.pl\/index.php\/wp-json\/wp\/v2\/comments?post=14"}],"version-history":[{"count":13,"href":"https:\/\/miradobek.pl\/index.php\/wp-json\/wp\/v2\/pages\/14\/revisions"}],"predecessor-version":[{"id":188,"href":"https:\/\/miradobek.pl\/index.php\/wp-json\/wp\/v2\/pages\/14\/revisions\/188"}],"wp:attachment":[{"href":"https:\/\/miradobek.pl\/index.php\/wp-json\/wp\/v2\/media?parent=14"}],"curies":[{"name":"wp","href":"https:\/\/api.w.org\/{rel}","templated":true}]}}