{"id":16,"date":"2024-02-17T12:25:04","date_gmt":"2024-02-17T12:25:04","guid":{"rendered":"http:\/\/miradobek.pl\/?page_id=16"},"modified":"2025-04-11T10:55:18","modified_gmt":"2025-04-11T10:55:18","slug":"o-mnie","status":"publish","type":"page","link":"https:\/\/miradobek.pl\/index.php\/o-mnie\/","title":{"rendered":"O mnie"},"content":{"rendered":"<p><span style=\"font-size: 1rem;\">Jestem psycholo\u017ck\u0105 i psychoterapeutk\u0105 w nurcie terapii poznawczo-behawioralnej.<\/span><\/p>\n<p>Uko\u0144czy\u0142am wydzia\u0142 psychologii Uniwersytetu SWPS w Warszawie, jako drugi kierunek studi\u00f3w, a tak\u017ce czteroletnie szkolenie psychoterapii poznawczo-behawioralnej w Centrum Terapii Poznawczej i Schematu InterEgo, <a href=\"https:\/\/pttpb.pl\/osrodki-akredytowane\">o\u015brodku akredytowanym<\/a> przez Polskie Towarzystwo Terapii Poznawczo &#8211; Behawioralnej (PTTPB), kt\u00f3rego jestem cz\u0142onkini\u0105.<\/p>\n<p>Pierwszy tytu\u0142 magistra uzyska\u0142am na wydziale zarz\u0105dzania w Szkole G\u0142\u00f3wnej Handlowej. Id\u0105c za g\u0142osem innych zainteresowa\u0144, sko\u0144czy\u0142am te\u017c podyplomowe studium pedagogiczne Szko\u0142y G\u0142\u00f3wnej Handlowej i podyplomowe studia filozofii i etyki Uniwersytetu Warszawskiego.<\/p>\n<p>Bra\u0142am udzia\u0142 w licznych szkoleniach specjalistycznych, mi\u0119dzy innymi z obszaru wsparcia os\u00f3b z objawami dysforii p\u0142ciowej czy kr\u00f3tkoterminowej terapii skoncentrowanej na rozwi\u0105zaniach. W pracy ch\u0119tnie wykorzystuj\u0119 elementy terapii akceptacji i zaanga\u017cowania (ACT), DBT i schemat\u00f3w.<\/p>\n<p>Osobiste do\u015bwiadczenie i szkolenia rodzicielskie przygotowuj\u0105ce do wychowywania dziecka w spektrum autyzmu, a tak\u017ce kontakt z terapi\u0105 onkologiczn\u0105, pozwalaj\u0105 mi na g\u0142\u0119bsze zrozumienie klient\u00f3w z kryzysami w tych obszarach.<\/p>\n<p>Prawie 20 lat pracy na stanowiskach menad\u017cerskich w biznesie, pozwala mi dodatkowo si\u0119ga\u0107 do praktycznych rozwi\u0105za\u0144 i lepiej rozumie\u0107 klient\u00f3w, funkcjonuj\u0105cych na co dzie\u0144 w \u015brodowiskach biznesowych. Na ich \u017cyczenie wykorzystuj\u0119 techniki poznawczo-behawioralne w pracy coachingowej z elementami mentoringu.<\/p>\n<p><strong>Do\u015bwiadczenie<\/strong><\/p>\n<p>Prac\u0119 indywidualn\u0105 z Klientami rozpocz\u0119\u0142am wiosn\u0105 2020 roku, wsp\u00f3\u0142pracuj\u0105c przez pierwsze 3 lata z poradniami: <a href=\"https:\/\/psycholodzy24.pl\">Psycholodzy24<\/a>, a potem <a href=\"https:\/\/interego.com.pl\">InterEgo,<\/a> zar\u00f3wno w gabinecie jak i online.<\/p>\n<p>W 2022 odby\u0142am sta\u017c kliniczny w <a href=\"https:\/\/www.ipin.edu.pl\">Instytucie Psychiatrii i Neurologii<\/a> w Warszawie na Oddziale Depresji i L\u0119k\u00f3w.<\/p>\n<p>Od 2024 pracuj\u0119 indywidualnie, pod superwizj\u0105 poznawczo-behawioraln\u0105.<\/p>\n<p><strong>O swojej pracy<\/strong><\/p>\n<p>Z wielkim szacunkiem i pokor\u0105 podchodz\u0119 do ka\u017cdej osoby, kt\u00f3ra decyduje si\u0119 poprawi\u0107 swoje funkcjonowanie si\u0119gaj\u0105c po wsparcie psychologiczne. Nasze spotkania s\u0105 dla mnie kolejnymi krokami we wsp\u00f3lnie podj\u0119tym wyzwaniu, aby uczyni\u0107 umys\u0142 najlepszym przyjacielem. Od chwili rozpocz\u0119cia budowania wsp\u00f3lnego zaufania po odwa\u017cne sprawdzanie sposob\u00f3w na wprowadzenie zmian \u2013 odczuwam wdzi\u0119czno\u015b\u0107 i rado\u015b\u0107, \u017ce mog\u0119 sta\u0107 si\u0119 obserwatork\u0105 czyjej\u015b przemiany.<\/p>\n<p><img loading=\"lazy\" decoding=\"async\" class=\"size-medium wp-image-155 aligncenter\" src=\"https:\/\/miradobek.pl\/wp-content\/uploads\/2024\/09\/Girl-w-Tipi-791-200x300.jpg\" alt=\"\" width=\"200\" height=\"300\" srcset=\"https:\/\/miradobek.pl\/wp-content\/uploads\/2024\/09\/Girl-w-Tipi-791-200x300.jpg 200w, https:\/\/miradobek.pl\/wp-content\/uploads\/2024\/09\/Girl-w-Tipi-791-683x1024.jpg 683w, https:\/\/miradobek.pl\/wp-content\/uploads\/2024\/09\/Girl-w-Tipi-791-768x1152.jpg 768w, https:\/\/miradobek.pl\/wp-content\/uploads\/2024\/09\/Girl-w-Tipi-791-1024x1536.jpg 1024w, https:\/\/miradobek.pl\/wp-content\/uploads\/2024\/09\/Girl-w-Tipi-791-1366x2048.jpg 1366w, https:\/\/miradobek.pl\/wp-content\/uploads\/2024\/09\/Girl-w-Tipi-791.jpg 1467w\" sizes=\"auto, (max-width: 200px) 100vw, 200px\" \/><\/p>\n","protected":false},"excerpt":{"rendered":"<p>Jestem psycholo\u017ck\u0105 i psychoterapeutk\u0105 w nurcie terapii poznawczo-behawioralnej. Uko\u0144czy\u0142am wydzia\u0142 psychologii Uniwersytetu SWPS w Warszawie, jako drugi kierunek studi\u00f3w, a tak\u017ce czteroletnie szkolenie psychoterapii poznawczo-behawioralnej w Centrum Terapii Poznawczej i Schematu InterEgo, o\u015brodku akredytowanym przez Polskie Towarzystwo Terapii Poznawczo &#8211; Behawioralnej (PTTPB), kt\u00f3rego jestem cz\u0142onkini\u0105. Pierwszy tytu\u0142 magistra uzyska\u0142am na wydziale zarz\u0105dzania w Szkole G\u0142\u00f3wnej &hellip; <\/p>\n<p class=\"link-more\"><a href=\"https:\/\/miradobek.pl\/index.php\/o-mnie\/\" class=\"more-link\">Czytaj dalej<span class=\"screen-reader-text\"> \u201eO mnie\u201d<\/span><\/a><\/p>\n","protected":false},"author":1,"featured_media":0,"parent":0,"menu_order":0,"comment_status":"closed","ping_status":"closed","template":"","meta":{"footnotes":""},"class_list":["post-16","page","type-page","status-publish","hentry"],"_links":{"self":[{"href":"https:\/\/miradobek.pl\/index.php\/wp-json\/wp\/v2\/pages\/16","targetHints":{"allow":["GET"]}}],"collection":[{"href":"https:\/\/miradobek.pl\/index.php\/wp-json\/wp\/v2\/pages"}],"about":[{"href":"https:\/\/miradobek.pl\/index.php\/wp-json\/wp\/v2\/types\/page"}],"author":[{"embeddable":true,"href":"https:\/\/miradobek.pl\/index.php\/wp-json\/wp\/v2\/users\/1"}],"replies":[{"embeddable":true,"href":"https:\/\/miradobek.pl\/index.php\/wp-json\/wp\/v2\/comments?post=16"}],"version-history":[{"count":16,"href":"https:\/\/miradobek.pl\/index.php\/wp-json\/wp\/v2\/pages\/16\/revisions"}],"predecessor-version":[{"id":186,"href":"https:\/\/miradobek.pl\/index.php\/wp-json\/wp\/v2\/pages\/16\/revisions\/186"}],"wp:attachment":[{"href":"https:\/\/miradobek.pl\/index.php\/wp-json\/wp\/v2\/media?parent=16"}],"curies":[{"name":"wp","href":"https:\/\/api.w.org\/{rel}","templated":true}]}}