{"id":5,"date":"2024-02-17T12:08:50","date_gmt":"2024-02-17T12:08:50","guid":{"rendered":"http:\/\/miradobek.pl\/?page_id=5"},"modified":"2024-02-18T20:37:26","modified_gmt":"2024-02-18T20:37:26","slug":"strona-glowna","status":"publish","type":"page","link":"https:\/\/miradobek.pl\/","title":{"rendered":"<i class=\"fas fa-home\"><\/i>"},"content":{"rendered":"<div style=\"display: flex;\">\n<div style=\"flex: 2; margin-top: 40px; margin-bottom: 40px; text-align: right;\">\n<blockquote><p>\u017bycie nie toczy si\u0119 tak, jak powinno, ale jest jakie jest.<br \/>\nSpos\u00f3b w jaki sobie z tym radzisz, stanowi ca\u0142\u0105 r\u00f3\u017cnic\u0119.<\/p><\/blockquote>\n<p>Virginia Satir<\/p>\n<\/div>\n<\/div>\n","protected":false},"excerpt":{"rendered":"<p>\u017bycie nie toczy si\u0119 tak, jak powinno, ale jest jakie jest. Spos\u00f3b w jaki sobie z tym radzisz, stanowi ca\u0142\u0105 r\u00f3\u017cnic\u0119. Virginia Satir<\/p>\n","protected":false},"author":1,"featured_media":0,"parent":0,"menu_order":0,"comment_status":"closed","ping_status":"closed","template":"","meta":{"footnotes":""},"class_list":["post-5","page","type-page","status-publish","hentry"],"_links":{"self":[{"href":"https:\/\/miradobek.pl\/index.php\/wp-json\/wp\/v2\/pages\/5","targetHints":{"allow":["GET"]}}],"collection":[{"href":"https:\/\/miradobek.pl\/index.php\/wp-json\/wp\/v2\/pages"}],"about":[{"href":"https:\/\/miradobek.pl\/index.php\/wp-json\/wp\/v2\/types\/page"}],"author":[{"embeddable":true,"href":"https:\/\/miradobek.pl\/index.php\/wp-json\/wp\/v2\/users\/1"}],"replies":[{"embeddable":true,"href":"https:\/\/miradobek.pl\/index.php\/wp-json\/wp\/v2\/comments?post=5"}],"version-history":[{"count":22,"href":"https:\/\/miradobek.pl\/index.php\/wp-json\/wp\/v2\/pages\/5\/revisions"}],"predecessor-version":[{"id":139,"href":"https:\/\/miradobek.pl\/index.php\/wp-json\/wp\/v2\/pages\/5\/revisions\/139"}],"wp:attachment":[{"href":"https:\/\/miradobek.pl\/index.php\/wp-json\/wp\/v2\/media?parent=5"}],"curies":[{"name":"wp","href":"https:\/\/api.w.org\/{rel}","templated":true}]}}